{"id":3607,"date":"2016-05-11T13:48:44","date_gmt":"2016-05-11T11:48:44","guid":{"rendered":"https:\/\/kanat-steuerberater.de\/iletisim\/"},"modified":"2025-06-13T12:01:05","modified_gmt":"2025-06-13T10:01:05","slug":"iletisim","status":"publish","type":"page","link":"https:\/\/kanat-steuerberater.de\/tr\/iletisim\/","title":{"rendered":"\u0130leti\u015fim"},"content":{"rendered":"<div id='full_slider_1'  class='avia-fullwidth-slider main_color avia-shadow   avia-builder-el-0  el_before_av_layout_row  avia-builder-el-first   container_wrap sidebar_right' style=' '  ><div   data-size='no scaling'  data-lightbox_size='large'  data-animation='slide_up'  data-conditional_play=''  data-ids='9244,3980,3982,3984'  data-video_counter='0'  data-autoplay='false'  data-bg_slider='false'  data-slide_height=''  data-handle='av_slideshow_full'  data-interval='6'  data-class=' '  data-el_id=''  data-css_id=''  data-scroll_down=''  data-control_layout='av-control-minimal'  data-custom_markup=''  data-perma_caption=''  data-autoplay_stopper=''  data-image_attachment=''  data-min_height='0px'  data-lazy_loading='disabled'  data-src=''  data-position='top left'  data-repeat='no-repeat'  data-attach='scroll'  data-stretch=''  class='avia-slideshow avia-slideshow-1  av-control-minimal av-default-height-applied avia-slideshow-no scaling av_slideshow_full   avia-slide_up-slider '  itemprop=\"image\" itemscope=\"itemscope\" itemtype=\"https:\/\/schema.org\/ImageObject\" ><ul class='avia-slideshow-inner ' style='padding-bottom: 50%;' ><li  class=' slide-1 ' ><div data-rel='slideshow-1' class='avia-slide-wrap '   ><div class = \"caption_fullwidth av-slideshow-caption caption_center\"><div class = \"container caption_container\"><div class = \"slideshow_caption\"><div class = \"slideshow_inner_caption\"><div class = \"slideshow_align_caption\"><h2  style='font-size:70px; color:#ffffff; ' class='avia-caption-title  '  itemprop=\"name\" ><strong>Auszeichnung als<\/strong><br \/>Digitale DATEV-Kanzlei<br \/><img decoding=\"async\" style=\"width:180px;\" src=\"https:\/\/kanat-steuerberater.de\/wp-content\/uploads\/2025\/05\/DATEV_Label_Digitale_Kanzlei_2025_RGB-2-300x284.png.webp\"><\/h2><\/div><\/div><\/div><\/div><\/div><img decoding=\"async\" class=\"wp-image-9245 avia-img-lazy-loading-not-9245\"  src=\"https:\/\/kanat-steuerberater.de\/wp-content\/uploads\/2025\/06\/pexels-jeshoots-238118-1.jpg\" width=\"1920\" height=\"960\" title='pexels-jeshoots-238118 (1)' alt=''  itemprop=\"thumbnailUrl\" srcset=\"https:\/\/kanat-steuerberater.de\/wp-content\/uploads\/2025\/06\/pexels-jeshoots-238118-1.jpg 1920w, https:\/\/kanat-steuerberater.de\/wp-content\/uploads\/2025\/06\/pexels-jeshoots-238118-1-300x150.jpg 300w, https:\/\/kanat-steuerberater.de\/wp-content\/uploads\/2025\/06\/pexels-jeshoots-238118-1-1030x515.jpg 1030w, https:\/\/kanat-steuerberater.de\/wp-content\/uploads\/2025\/06\/pexels-jeshoots-238118-1-768x384.jpg 768w, https:\/\/kanat-steuerberater.de\/wp-content\/uploads\/2025\/06\/pexels-jeshoots-238118-1-1536x768.jpg 1536w, https:\/\/kanat-steuerberater.de\/wp-content\/uploads\/2025\/06\/pexels-jeshoots-238118-1-1500x750.jpg 1500w, https:\/\/kanat-steuerberater.de\/wp-content\/uploads\/2025\/06\/pexels-jeshoots-238118-1-705x353.jpg 705w\" sizes=\"(max-width: 1920px) 100vw, 1920px\" \/><div class='av-section-color-overlay' style='opacity: 0.4; background-color: #000000; '><\/div><\/div><\/li><li  class=' slide-2 ' ><div data-rel='slideshow-1' class='avia-slide-wrap '   ><div class = \"caption_fullwidth av-slideshow-caption caption_center\"><div class = \"container caption_container\"><div class = \"slideshow_caption\"><div class = \"slideshow_inner_caption\"><div class = \"slideshow_align_caption\"><h2  style='font-size:70px; ' class='avia-caption-title  '  itemprop=\"name\" >Kompetente und umfassende Leistung aus <strong>einer Hand<\/strong><\/h2><\/div><\/div><\/div><\/div><\/div><img decoding=\"async\" class=\"wp-image-3979 avia-img-lazy-loading-not-3979\"  src=\"https:\/\/kanat-steuerberater.de\/wp-content\/uploads\/2024\/06\/SLAYT.jpg\" width=\"1920\" height=\"960\" title='SLAYT' alt=''  itemprop=\"thumbnailUrl\" srcset=\"https:\/\/kanat-steuerberater.de\/wp-content\/uploads\/2024\/06\/SLAYT.jpg 1920w, https:\/\/kanat-steuerberater.de\/wp-content\/uploads\/2024\/06\/SLAYT-300x150.jpg 300w, https:\/\/kanat-steuerberater.de\/wp-content\/uploads\/2024\/06\/SLAYT-1030x515.jpg 1030w, https:\/\/kanat-steuerberater.de\/wp-content\/uploads\/2024\/06\/SLAYT-768x384.jpg 768w, https:\/\/kanat-steuerberater.de\/wp-content\/uploads\/2024\/06\/SLAYT-1536x768.jpg 1536w, https:\/\/kanat-steuerberater.de\/wp-content\/uploads\/2024\/06\/SLAYT-1500x750.jpg 1500w, https:\/\/kanat-steuerberater.de\/wp-content\/uploads\/2024\/06\/SLAYT-705x353.jpg 705w\" sizes=\"(max-width: 1920px) 100vw, 1920px\" \/><div class='av-section-color-overlay' style='opacity: 0.4; background-color: #0a0a0a; '><\/div><\/div><\/li><li  class=' slide-3 ' ><div data-rel='slideshow-1' class='avia-slide-wrap '   ><div class = \"caption_fullwidth av-slideshow-caption caption_center\"><div class = \"container caption_container\"><div class = \"slideshow_caption\"><div class = \"slideshow_inner_caption\"><div class = \"slideshow_align_caption\"><h2  style='font-size:70px; ' class='avia-caption-title  '  itemprop=\"name\" >Hizmetlerimiz<\/h2><div class='avia-caption-content  av_inherit_color'  itemprop=\"description\"   style='font-size:29px; '><p>Steuerberatung <strong> \u2022 <\/strong> Unternehmensberatung <strong> \u2022 <\/strong> Due Diligence <strong> \u2022 <\/strong> Controlling und Rechnungswesen <strong> \u2022 <\/strong> Transfer Pricing <strong> \u2022 <\/strong> T\u00fcrkei \u2013 Deutschland<\/p>\n<\/div><\/div><\/div><\/div><\/div><\/div><img decoding=\"async\" class=\"wp-image-3981 avia-img-lazy-loading-not-3981\"  src=\"https:\/\/kanat-steuerberater.de\/wp-content\/uploads\/2024\/06\/SLAYT1.jpg\" width=\"1920\" height=\"960\" title='SLAYT1' alt=''  itemprop=\"thumbnailUrl\" srcset=\"https:\/\/kanat-steuerberater.de\/wp-content\/uploads\/2024\/06\/SLAYT1.jpg 1920w, https:\/\/kanat-steuerberater.de\/wp-content\/uploads\/2024\/06\/SLAYT1-300x150.jpg 300w, https:\/\/kanat-steuerberater.de\/wp-content\/uploads\/2024\/06\/SLAYT1-1030x515.jpg 1030w, https:\/\/kanat-steuerberater.de\/wp-content\/uploads\/2024\/06\/SLAYT1-768x384.jpg 768w, https:\/\/kanat-steuerberater.de\/wp-content\/uploads\/2024\/06\/SLAYT1-1536x768.jpg 1536w, https:\/\/kanat-steuerberater.de\/wp-content\/uploads\/2024\/06\/SLAYT1-1500x750.jpg 1500w, https:\/\/kanat-steuerberater.de\/wp-content\/uploads\/2024\/06\/SLAYT1-705x353.jpg 705w\" sizes=\"(max-width: 1920px) 100vw, 1920px\" \/><div class='av-section-color-overlay' style='opacity: 0.3; background-color: #0a0a0a; '><\/div><\/div><\/li><li  class=' slide-4 ' ><div data-rel='slideshow-1' class='avia-slide-wrap '   ><div class = \"caption_fullwidth av-slideshow-caption caption_center\"><div class = \"container caption_container\"><div class = \"slideshow_caption\"><div class = \"slideshow_inner_caption\"><div class = \"slideshow_align_caption\"><h2  style='font-size:70px; ' class='avia-caption-title  '  itemprop=\"name\" ><strong>T\u00dcRKEI - <\/strong>DEUTSCHLAND<\/h2><\/div><\/div><\/div><\/div><\/div><img decoding=\"async\" class=\"wp-image-3983 avia-img-lazy-loading-not-3983\"  src=\"https:\/\/kanat-steuerberater.de\/wp-content\/uploads\/2024\/06\/SLAYT2.jpg\" width=\"1920\" height=\"960\" title='SLAYT2' alt=''  itemprop=\"thumbnailUrl\" srcset=\"https:\/\/kanat-steuerberater.de\/wp-content\/uploads\/2024\/06\/SLAYT2.jpg 1920w, https:\/\/kanat-steuerberater.de\/wp-content\/uploads\/2024\/06\/SLAYT2-300x150.jpg 300w, https:\/\/kanat-steuerberater.de\/wp-content\/uploads\/2024\/06\/SLAYT2-1030x515.jpg 1030w, https:\/\/kanat-steuerberater.de\/wp-content\/uploads\/2024\/06\/SLAYT2-768x384.jpg 768w, https:\/\/kanat-steuerberater.de\/wp-content\/uploads\/2024\/06\/SLAYT2-1536x768.jpg 1536w, https:\/\/kanat-steuerberater.de\/wp-content\/uploads\/2024\/06\/SLAYT2-1500x750.jpg 1500w, https:\/\/kanat-steuerberater.de\/wp-content\/uploads\/2024\/06\/SLAYT2-705x353.jpg 705w\" sizes=\"(max-width: 1920px) 100vw, 1920px\" \/><div class='av-section-color-overlay' style='opacity: 0.4; background-color: #0a0a0a; '><\/div><\/div><\/li><\/ul><div class='avia-slideshow-arrows avia-slideshow-controls'><a href='#prev' class='prev-slide' aria-hidden='true' data-av_icon='\ue87c' data-av_iconfont='entypo-fontello'>\u00d6nceki<\/a><a href='#next' class='next-slide' aria-hidden='true' data-av_icon='\ue87d' data-av_iconfont='entypo-fontello'>Sonraki<\/a><\/div><div class='avia-slideshow-dots avia-slideshow-controls'><a href='#1' class='goto-slide active' >1<\/a><a href='#2' class='goto-slide ' >2<\/a><a href='#3' class='goto-slide ' >3<\/a><a href='#4' class='goto-slide ' >4<\/a><\/div><\/div><\/div>\n<\/div><\/div><\/div><!-- close content main div --><\/div><\/div><div id='av_section_1'  class='avia-section main_color avia-section-large avia-no-border-styling  avia-bg-style-scroll   container_wrap sidebar_right' style=' '  ><div class='container' ><div class='template-page content  av-content-small alpha units'><div class='post-entry post-entry-type-page post-entry-3607'><div class='entry-content-wrapper clearfix'>\n<div  style='padding-bottom:30px; font-size:50px;' class='av-special-heading av-special-heading-h1  blockquote modern-quote  av-inherit-size '><h1 class='av-special-heading-tag '  itemprop=\"headline\"  >\u0130leti\u015fim<\/h1><div class='special-heading-border'><div class='special-heading-inner-border' ><\/div><\/div><\/div>\n<div class=\"flex_column av_one_half  flex_column_div av-zero-column-padding first  \" style='border-radius:0px; '><section class=\"av_textblock_section \"  itemscope=\"itemscope\" itemtype=\"https:\/\/schema.org\/CreativeWork\" ><div class='avia_textblock  '   itemprop=\"text\" ><h3>Termine nach Vereinbarung<\/h3>\n<p class=\"big\">Wir sind zu den genannten Zeiten pers\u00f6nlich vor Ort und telefonisch zu erreichen. Gerne stehen wir Ihnen auch au\u00dferhalb dieser Zeiten nach vorheriger Absprache f\u00fcr einen Gespr\u00e4chstermin zur Verf\u00fcgung.<\/p>\n<\/div><\/section><\/div><div class=\"flex_column av_one_fourth  flex_column_div av-zero-column-padding   \" style='border-radius:0px; '><section class=\"av_textblock_section \"  itemscope=\"itemscope\" itemtype=\"https:\/\/schema.org\/CreativeWork\" ><div class='avia_textblock  '   itemprop=\"text\" ><p><strong><span class=\"tlid-translation translation\" lang=\"de\"><span class=\"\" title=\"\">Adresse:<\/span><\/span><\/strong><\/p>\n<p>Heltorfer Str. 4, D-40472 D\u00fcsseldorf<br \/>\nMobil: +49 (0) 170 30 59 360<br \/>\nTel.: +49 (0) 211 54 55 32 60<br \/>\nFax: +49 (0) 211 54 55 32 69<\/p>\n<p>E-mail: info@kanat-steuerberater.de<\/p>\n<\/div><\/section><\/div><div class=\"flex_column av_one_fourth  flex_column_div av-zero-column-padding   \" style='border-radius:0px; '><section class=\"av_textblock_section \"  itemscope=\"itemscope\" itemtype=\"https:\/\/schema.org\/CreativeWork\" ><div class='avia_textblock  '   itemprop=\"text\" ><p><strong><span class=\"tlid-translation translation\" lang=\"de\"><span class=\"\" title=\"\">\u00c7al\u0131\u015fma Saatleri:<\/strong><\/p>\n<p>Pzt-Per: 09:00-12:00 &#8211; 14:00-16:30<br \/>\nCuma: 09:00-12:00 &#8211; 14:00-16:00<br \/>\nCmt-Pzr: <span class=\"tlid-translation translation\" lang=\"de\"><span class=\"\" title=\"\">Kapal\u0131<\/span><\/span><\/p>\n<\/div><\/section><\/div><\/div><\/div><\/div><!-- close content main div --><\/div><\/div><div id='after_section_1'  class='main_color av_default_container_wrap container_wrap sidebar_right' style=' '  ><div class='container' ><div class='template-page content  av-content-small alpha units'><div class='post-entry post-entry-type-page post-entry-3607'><div class='entry-content-wrapper clearfix'><\/div><\/div><\/div><!-- close content main div --><\/div><\/div><div id='av_section_2'  class='avia-section alternate_color avia-section-huge avia-no-border-styling  avia-full-stretch av-section-color-overlay-active avia-bg-style-fixed   container_wrap sidebar_right' style='background-repeat: no-repeat; background-image: url(https:\/\/kanat-steuerberater.de\/wp-content\/uploads\/2020\/11\/background-300x200.jpg);background-attachment: fixed; background-position: center center;  '  data-section-bg-repeat='stretch'><div class='av-section-color-overlay-wrap'><div class='av-section-color-overlay' style='opacity: 0.8; background-color: #000000; '><\/div><div class='container' ><div class='template-page content  av-content-small alpha units'><div class='post-entry post-entry-type-page post-entry-3607'><div class='entry-content-wrapper clearfix'>\n<div class=\"flex_column av_three_fifth  flex_column_div av-zero-column-padding first  \" style='border-radius:0px; '><p><div  style='padding-bottom:20px; font-size:50px;' class='av-special-heading av-special-heading-h1  blockquote modern-quote modern-centered  av-inherit-size '><h1 class='av-special-heading-tag '  itemprop=\"headline\"  >\u0130leti\u015fim Formu<\/h1><div class='special-heading-border'><div class='special-heading-inner-border' ><\/div><\/div><\/div><br \/>\n<form action=\"https:\/\/kanat-steuerberater.de\/tr\/iletisim\/\" method=\"post\"  class=\"avia_ajax_form av-form-labels-hidden   av-custom-form-color av-light-form \" data-avia-form-id=\"1\" data-avia-redirect='' ><fieldset><p class='  first_form  form_element form_element_half' id='element_avia_1_1'><label for=\"avia_1_1\">Ihr Name <abbr class=\"required\" title=\"Zorunlu\">*<\/abbr><\/label> <input name=\"avia_1_1\" class=\"text_input is_empty\" type=\"text\" id=\"avia_1_1\" value=\"\"  placeholder='Ihr Name*'\/><\/p><p class='  form_element form_element_half' id='element_avia_2_1'><label for=\"avia_2_1\">E-Mail <abbr class=\"required\" title=\"Zorunlu\">*<\/abbr><\/label> <input name=\"avia_2_1\" class=\"text_input is_email\" type=\"text\" id=\"avia_2_1\" value=\"\"  placeholder='E-Mail*'\/><\/p><p class='  first_form  form_element form_fullwidth' id='element_avia_3_1'><label for=\"avia_3_1\">Betreff <abbr class=\"required\" title=\"Zorunlu\">*<\/abbr><\/label> <input name=\"avia_3_1\" class=\"text_input is_empty\" type=\"text\" id=\"avia_3_1\" value=\"\"  placeholder='Betreff*'\/><\/p><p class='  first_form  form_element form_fullwidth' id='element_avia_4_1'><label for=\"avia_4_1\" class=\"textare_label hidden textare_label_avia_4_1\">Ihre Nachricht <abbr class=\"required\" title=\"Zorunlu\">*<\/abbr><\/label><textarea  placeholder='Ihre Nachricht*' name=\"avia_4_1\" class=\"text_area is_empty\" cols=\"40\" rows=\"7\" id=\"avia_4_1\" ><\/textarea><\/p><p class=' first_form  form_element form_fullwidth' id='element_avia_5_1'>    <input checked=\"checked\" name=\"avia_5_1\" class=\"input_checkbox \" type=\"checkbox\" id=\"avia_5_1\" value=\"true\"\/><label class=\"input_checkbox_label\" for=\"avia_5_1\"><a href=\"https:\/\/kanat-steuerberater.de\/datenschutzerklaerung\/\" target=\"_blank\" rel=\"noopener\">Ich habe die Datenschutzerkl\u00e4rung gelesen und akzeptiere sie<\/a><\/label><\/p><p class=\"hidden\"><input type=\"text\" name=\"avia_6_1\" class=\"hidden \" id=\"avia_6_1\" value=\"\" \/><\/p><div id='avia_7_1' class='av-recaptcha-area  first_form  form_element form_fullwidth '  data-container_class=\"\" data-custom_class=\"\" data-context=\"av_contact_form\" data-token_input=\"av_recaptcha_token\" data-version=\"avia_recaptcha_v2\" data-theme=\"light\" data-size=\"normal\" data-score=\"0.5\" data-text_to_preview=\"\" data-value=\"\"><div class=\"av-google-badge-message hidden\">This site is protected by reCAPTCHA and the Google <a href=\"https:\/\/policies.google.com\/privacy\">Privacy Policy<\/a> and <a href=\"https:\/\/policies.google.com\/terms\">Terms of Service<\/a> apply.<\/div><\/div><p class=\"form_element \"><input type=\"hidden\" value=\"1\" name=\"avia_generated_form1\" \/><input type=\"submit\" value=\"Senden\" class=\"button\"  data-sending-label=\"G\u00f6nderiliyor\"\/><\/p><\/fieldset><div class=\"avia-disabled-form\">This contact form is deactivated because you refused to accept Google reCaptcha service which is necessary to validate any messages sent by the form.<\/div><\/form><div id=\"ajaxresponse_1\" class=\"ajaxresponse ajaxresponse_1 hidden\"><\/div><\/p><\/div><div class=\"flex_column av_two_fifth  flex_column_div av-zero-column-padding   \" style='border-radius:0px; '><section class=\"av_textblock_section \"  itemscope=\"itemscope\" itemtype=\"https:\/\/schema.org\/CreativeWork\" ><div class='avia_textblock  '   itemprop=\"text\" ><p><iframe loading=\"lazy\" style=\"border: 0;\" src=\"https:\/\/www.google.com\/maps\/embed?pb=!1m18!1m12!1m3!1d1301.8833530930735!2d6.798785730495728!3d51.286661535482835!2m3!1f0!2f0!3f0!3m2!1i1024!2i768!4f13.1!3m3!1m2!1s0x47b8c845fba99fe9%3A0xa957bf128fca3b06!2sHeltorfer%20Str.%204%2C%2040472%20D%C3%BCsseldorf%2C%20Almanya!5e1!3m2!1str!2str!4v1746464411133!5m2!1str!2str\" width=\"954px\" height=\"400px\" allowfullscreen=\"allowfullscreen\"><\/iframe><\/p>\n<p><a href=\"https:\/\/www.google.com\/maps\/dir\/\/Heltorfer+Str.+4,+40472+D%C3%BCsseldorf,+Almanya\/@51.2866615,6.7987857,299m\/data=!3m1!1e3!4m8!4m7!1m0!1m5!1m1!1s0x47b8c845fba99fe9:0xa957bf128fca3b06!2m2!1d6.7990166!2d51.286784?entry=ttu&#038;g_ep=EgoyMDI1MDQzMC4xIKXMDSoASAFQAw%3D%3D\" target=\"_blank\" rel=\"noopener\"><strong>[ Wegbeschreibung anfordern ]<\/strong><\/a><\/p>\n<\/div><\/section><\/div>\n<\/div><\/div><\/div><!-- close content main div --><\/div><\/div><\/div><div id='after_section_2'  class='main_color av_default_container_wrap container_wrap sidebar_right' style=' '  ><div class='container' ><div class='template-page content  av-content-small alpha units'><div class='post-entry post-entry-type-page post-entry-3607'><div class='entry-content-wrapper clearfix'><\/p>\n","protected":false},"excerpt":{"rendered":"","protected":false},"author":1,"featured_media":0,"parent":0,"menu_order":0,"comment_status":"closed","ping_status":"closed","template":"","meta":{"footnotes":""},"class_list":["post-3607","page","type-page","status-publish","hentry"],"_links":{"self":[{"href":"https:\/\/kanat-steuerberater.de\/tr\/wp-json\/wp\/v2\/pages\/3607","targetHints":{"allow":["GET"]}}],"collection":[{"href":"https:\/\/kanat-steuerberater.de\/tr\/wp-json\/wp\/v2\/pages"}],"about":[{"href":"https:\/\/kanat-steuerberater.de\/tr\/wp-json\/wp\/v2\/types\/page"}],"author":[{"embeddable":true,"href":"https:\/\/kanat-steuerberater.de\/tr\/wp-json\/wp\/v2\/users\/1"}],"replies":[{"embeddable":true,"href":"https:\/\/kanat-steuerberater.de\/tr\/wp-json\/wp\/v2\/comments?post=3607"}],"version-history":[{"count":25,"href":"https:\/\/kanat-steuerberater.de\/tr\/wp-json\/wp\/v2\/pages\/3607\/revisions"}],"predecessor-version":[{"id":9284,"href":"https:\/\/kanat-steuerberater.de\/tr\/wp-json\/wp\/v2\/pages\/3607\/revisions\/9284"}],"wp:attachment":[{"href":"https:\/\/kanat-steuerberater.de\/tr\/wp-json\/wp\/v2\/media?parent=3607"}],"curies":[{"name":"wp","href":"https:\/\/api.w.org\/{rel}","templated":true}]}}