{"id":3635,"date":"2021-01-17T22:25:01","date_gmt":"2021-01-17T21:25:01","guid":{"rendered":"https:\/\/kanat-steuerberater.de\/impressum\/"},"modified":"2025-05-05T19:05:29","modified_gmt":"2025-05-05T17:05:29","slug":"kuenye","status":"publish","type":"page","link":"https:\/\/kanat-steuerberater.de\/tr\/kuenye\/","title":{"rendered":"K\u00fcnye"},"content":{"rendered":"<div id='av_section_1'  class='avia-section main_color avia-section-large avia-no-border-styling  avia-bg-style-scroll  avia-builder-el-0  avia-builder-el-no-sibling   container_wrap sidebar_right' style=' '  ><div class='container' ><main  role=\"main\" itemprop=\"mainContentOfPage\"  class='template-page content  av-content-small alpha units'><div class='post-entry post-entry-type-page post-entry-3635'><div class='entry-content-wrapper clearfix'>\n<div  style='padding-bottom:30px; font-size:50px;' class='av-special-heading av-special-heading-h1  blockquote modern-quote  avia-builder-el-1  el_before_av_one_full  avia-builder-el-first  av-thin-font av-inherit-size '><h1 class='av-special-heading-tag '  itemprop=\"headline\"  >Impressum<strong>.<\/strong><\/h1><div class='special-heading-border'><div class='special-heading-inner-border' ><\/div><\/div><\/div>\n<div class=\"flex_column av_one_full  flex_column_div av-zero-column-padding first  avia-builder-el-2  el_after_av_heading  avia-builder-el-last  \" style='border-radius:0px; '><section class=\"av_textblock_section \"  itemscope=\"itemscope\" itemtype=\"https:\/\/schema.org\/CreativeWork\" ><div class='avia_textblock  '   itemprop=\"text\" ><div class=\"flex_column av_one_full flex_column_div av-zero-column-padding first avia-builder-el-3 el_after_av_hr avia-builder-el-last \">\n<section class=\"av_textblock_section \">\n<div class=\"avia_textblock \">\n<div class=\"column mcb-column one column_column column-margin-\">\n<div class=\"column_attr clearfix\">\n<div>\n<div class=\"flex_column av_one_full flex_column_div av-zero-column-padding first avia-builder-el-3 el_after_av_hr avia-builder-el-last \">\n<section class=\"av_textblock_section \">\n<div class=\"avia_textblock \">\n<div class=\"column mcb-column one column_column column-margin-\">\n<div class=\"column_attr clearfix\">\n<div>\n<p>Diese Seite wird betrieben von<\/p>\n<p class=\"big\"><strong>Kanat Steuerberater<\/strong><br \/>\n<strong>Dipl.-Kfm. Vedat Kanat | Steuerberater<\/strong><\/p>\n<p class=\"big\"><strong>Adresse :<\/strong> Heltorfer Str.4, D-40472 D\u00fcsseldorf<br \/>\n<strong>Tel.:<\/strong> +49 (0) 211 54 55 32 60<br \/>\n<strong>Mobil<\/strong> +49 (0) 170 30 59 360<br \/>\n<strong>Fax:<\/strong> +49 (0) 211 54 55 32 69<br \/>\n<strong>E-Mail: <\/strong>info@kanat-steuerberater.de<br \/>\nwww.kanat-steuerberater.de<\/p>\n<h4>Zust\u00e4ndige Aufsichtsbeh\u00f6rde<\/h4>\n<p class=\"big\">ist die Steuerberaterkammer D\u00fcsseldorf,<\/p>\n<p class=\"big\">E-Mail: mail@stbk-duesseldorf.de<br \/>\nwww.stbk-duesseldorf.de<\/p>\n<p class=\"big\">Die gesetzliche Berufsbezeichnung \u201cSteuerberater\u201d wurde in der Bundesrepublik Deutschland (Nordrhein-Westfalen und Hessen) verliehen. Die Bestellung zum Steuerberater erfolgt nach erfolgreich abgelegter Pr\u00fcfung vor den obersten Landesfinanzbeh\u00f6rden.<\/p>\n<h4>Der Berufsstand der Steuerberater unterliegt im Wesentlichen den nachstehenden berufsrechtlichen Regelungen:<\/h4>\n<p class=\"big\">Steuerberatungsgesetz (StBerG)<br \/>\nDurchf\u00fchrungsverordnung zum Steuerberatungsgesetz (DVStB)<br \/>\nBerufsordnung (BOStB)<br \/>\nSteuerberatergeb\u00fchrenverordnung (StBGebV)<br \/>\nDie berufsrechtlichen Regelungen k\u00f6nnen bei der Steuerberaterkammer D\u00fcsseldorf nachgesehen werden.<\/p>\n<h4>Unverbindlichkeit von Ausk\u00fcnften:<\/h4>\n<p class=\"big\">Alle Ausk\u00fcnfte, die au\u00dferhalb eines getroffenen Mandantenverh\u00e4ltnisses erteilt werden, sind unverbindlich. Die Informationen auf dieser Website stellen keine Beratung i.S. des StBG dar.<\/p>\n<h4>Externe Links:<\/h4>\n<p class=\"big\">Kanat Steuerberater \u00fcbernimmt keine Haftung f\u00fcr die Inhalte externer Seiten, die \u00fcber Links von unserer Homepage aus erreicht werden k\u00f6nnen oder die auf diese Seite verweisen. Die aktuellen und zuk\u00fcnftigen Inhalte dieser externen Seiten liegen au\u00dferhalb des Einfluss- und Kontrollbereiches von Kana Steuerberater.<\/p>\n<p class=\"big\">Wir distanzieren uns daher ausdr\u00fccklich von den Inhalten der verlinkten Seiten und schlie\u00dfen daher jegliche Haftungsanspr\u00fcche f\u00fcr illegale, fehlerhafte und unvollst\u00e4ndige Inhalte und insbesondere f\u00fcr Sch\u00e4den, die aus der Nutzung oder Nichtnutzung der \u00fcber die Verlinkung angebotenen Informationen entstehen, aus. Dies gilt f\u00fcr alle Links, die innerhalb der Homepage von Kanat Steuerberater gesetzt sind.<\/p>\n<h4>Haftungsbeschr\u00e4nkung:<\/h4>\n<p class=\"big\">Die Inhalte dieser Seite sind nach bestem Wissen und Kenntnisstand erstellt worden. Sie dienen ausschlie\u00dflich der generellen Informationen und ersetzen keine qualifizierte Beratung. Sie stellen keine Beratung \u2013 juristischer oder anderer Art \u2013 dar und sollen auch nicht als solche verwendet werden. Wir \u00fcbernehmen insbesondere keine Haftung f\u00fcr Handlungen, die auf Grundlage des auf dieser Seite enthaltenen Informationsmaterials unternommen werden.<\/p>\n<h4>Urheber- und Kennzeichenrecht:<\/h4>\n<p class=\"big\">Die kommerzielle Verwendung der Inhalte einzelner Seiten dieses Internet-Auftritts bedarf unserer Zustimmung. Alle Rechte an in den einzelnen Seiten dieses Internet-Auftritts aufgef\u00fchrten Darstellungen und Beitr\u00e4gen liegen bei den jeweiligen Autoren.<\/p>\n<h4>Datenschutz und Vertraulichkeit:<\/h4>\n<p class=\"big\">Die Informationen in unseren E-Mails sind streng vertraulich und nur f\u00fcr den genannten Adressaten bestimmt. F\u00fcr den Fall, dass der Empf\u00e4nger dieser E-Mail nicht mit dem oben genannten Adressaten identisch ist und ihm die Aush\u00e4ndigung an diesen nicht m\u00f6glich ist, weisen wir darauf hin, dass jede Vervielf\u00e4ltigung und Verbreitung untersagt ist. Bitte unterrichten Sie in diesem Falle den Absender telefonisch oder per E-Mail-Antwort.<\/p>\n<p class=\"big\">Die Behandlung s\u00e4mtlicher Daten erfolgt im Rahmen der geltenden gesetzlichen Datenschutzbestimmungen. Sie werden hiermit gem\u00e4\u00df \u00a7 33 Abs.1 Bundesdatenschutzgesetz davon unterrichtet, dass Ihre personenbezogenen Daten, soweit erforderlich, in maschinenlesbarer Form gespeichert werden k\u00f6nnen. Eine Weitergabe an unberechtigte Dritte wird in jedem Fall ausgeschlossen.<\/p>\n<h4>Berufshaftpflichtversicherung:<\/h4>\n<p class=\"big\">HDI-Gerling Firmen und Privat Versicherung AG<br \/>\nUntere K\u00f6nigsstr. 44<br \/>\n34117 Kassel<\/p>\n<\/div>\n<\/div>\n<\/div>\n<\/div>\n<\/section>\n<\/div>\n<div class=\"column mcb-column one column_divider \">\n<hr class=\"no_line\" \/>\n<\/div>\n<\/div>\n<\/div>\n<\/div>\n<\/div>\n<\/section>\n<\/div>\n<\/div><\/section><\/div><\/div><\/div><\/main><!-- close content main element --><\/div><\/div><div id='after_section_1'  class='main_color av_default_container_wrap container_wrap sidebar_right' style=' '  ><div class='container' ><div class='template-page content  av-content-small alpha units'><div class='post-entry post-entry-type-page post-entry-3635'><div class='entry-content-wrapper clearfix'>\n","protected":false},"excerpt":{"rendered":"","protected":false},"author":1,"featured_media":0,"parent":0,"menu_order":0,"comment_status":"closed","ping_status":"closed","template":"","meta":{"footnotes":""},"class_list":["post-3635","page","type-page","status-publish","hentry"],"_links":{"self":[{"href":"https:\/\/kanat-steuerberater.de\/tr\/wp-json\/wp\/v2\/pages\/3635","targetHints":{"allow":["GET"]}}],"collection":[{"href":"https:\/\/kanat-steuerberater.de\/tr\/wp-json\/wp\/v2\/pages"}],"about":[{"href":"https:\/\/kanat-steuerberater.de\/tr\/wp-json\/wp\/v2\/types\/page"}],"author":[{"embeddable":true,"href":"https:\/\/kanat-steuerberater.de\/tr\/wp-json\/wp\/v2\/users\/1"}],"replies":[{"embeddable":true,"href":"https:\/\/kanat-steuerberater.de\/tr\/wp-json\/wp\/v2\/comments?post=3635"}],"version-history":[{"count":1,"href":"https:\/\/kanat-steuerberater.de\/tr\/wp-json\/wp\/v2\/pages\/3635\/revisions"}],"predecessor-version":[{"id":8933,"href":"https:\/\/kanat-steuerberater.de\/tr\/wp-json\/wp\/v2\/pages\/3635\/revisions\/8933"}],"wp:attachment":[{"href":"https:\/\/kanat-steuerberater.de\/tr\/wp-json\/wp\/v2\/media?parent=3635"}],"curies":[{"name":"wp","href":"https:\/\/api.w.org\/{rel}","templated":true}]}}